{"id":2639,"date":"2022-05-13T21:17:42","date_gmt":"2022-05-13T21:17:42","guid":{"rendered":"https:\/\/www.telemedicineclinic.com\/sw\/?page_id=2639"},"modified":"2022-10-25T08:31:30","modified_gmt":"2022-10-25T08:31:30","slug":"coming-soon","status":"publish","type":"page","link":"https:\/\/www.telemedicineclinic.com\/sw\/","title":{"rendered":"Coming soon"},"content":{"rendered":"<p><\/p>\n<!--themify_builder_content-->\n<div id=\"themify_builder_content-2639\" data-postid=\"2639\" class=\"themify_builder_content themify_builder_content-2639 themify_builder tf_clear\">\n    \t<!-- module_row -->\n\t<div  data-lazy=\"1\" class=\"module_row themify_builder_row tb_mo3z433 tb_first tf_clearfix\">\n\t    \t\t<div class=\"row_inner col_align_top col-count-1 tf_box tf_w tf_rel\">\n\t\t\t<div  data-lazy=\"1\" class=\"module_column tb-column col-full first tb_sey2433 tf_box\">\n\t\t\t    \t        <div class=\"tb-column-inner tf_box tf_w\">\n\t\t    <!-- module text -->\n<div  class=\"module module-text tb_w554434   \" data-lazy=\"1\">\n        <div  class=\"tb_text_wrap\">\n    \n\t\t\t<!-- START Homepage REVOLUTION SLIDER 6.5.21 --><p class=\"rs-p-wp-fix\"><\/p>\n\t\t\t<rs-module-wrap id=\"rev_slider_1_1_wrapper\" data-source=\"gallery\" style=\"visibility:hidden;background:transparent;padding:0;margin:0px auto;margin-top:0;margin-bottom:0;\">\n\t\t\t\t<rs-module id=\"rev_slider_1_1\" style=\"\" data-version=\"6.5.21\">\n\t\t\t\t\t<rs-slides>\n\t\t\t\t\t\t<rs-slide style=\"position: absolute;\" data-key=\"rs-1\" data-title=\"Slide\" data-in=\"o:0;\" data-out=\"a:false;\">\n\t\t\t\t\t\t\t<img loading=\"lazy\" src=\"\/\/www.telemedicineclinic.com\/sw\/wp-content\/plugins\/revslider\/public\/assets\/assets\/dummy.png\" alt=\"\" title=\"web_portada_uk4.jpg\" width=\"2000\" height=\"1333\" class=\"rev-slidebg tp-rs-img rs-lazyload\" data-lazyload=\"\/\/www.telemedicineclinic.com\/uk\/wp-content\/uploads\/sites\/8\/revslider\/homepage-1\/web_portada_uk4.jpg\" data-bg=\"p:0% 40%;\" data-no-retina>\n<!--\n\t\t\t\t\t\t\t--><h1\n\t\t\t\t\t\t\t\tid=\"slider-1-slide-1-layer-0\" \n\t\t\t\t\t\t\t\tclass=\"rs-layer\"\n\t\t\t\t\t\t\t\tdata-type=\"text\"\n\t\t\t\t\t\t\t\tdata-rsp_ch=\"on\"\n\t\t\t\t\t\t\t\tdata-xy=\"xo:91px,91px,91px,35px;yo:79px,79px,79px,40px;\"\n\t\t\t\t\t\t\t\tdata-text=\"w:normal;s:55,55,55,30;l:70,70,70,35;ls:-4px,-4px,-4px,-1px;fw:300;\"\n\t\t\t\t\t\t\t\tdata-frame_999=\"o:0;st:w;\"\n\t\t\t\t\t\t\t\tstyle=\"z-index:10;font-family:\"tmc-sans-serif\";font-weight:normal !important;\"\n\t\t\t\t\t\t\t>Din partner f\u00f6r <br \/>\nsubspecialiserad <br \/>\nteleradiologi <br \/>\nsedan 2003 \n\t\t\t\t\t\t\t<\/h1><!--\n\n\t\t\t\t\t\t\t--><rs-layer\n\t\t\t\t\t\t\t\tid=\"slider-1-slide-1-layer-1\" \n\t\t\t\t\t\t\t\tdata-type=\"image\"\n\t\t\t\t\t\t\t\tdata-rsp_ch=\"on\"\n\t\t\t\t\t\t\t\tdata-xy=\"x:r;xo:90px,90px,90px,30px;y:m;yo:0,0,0,20px;\"\n\t\t\t\t\t\t\t\tdata-text=\"w:normal;s:20,20,20,7;l:0,0,0,9;\"\n\t\t\t\t\t\t\t\tdata-dim=\"w:23px,23px,23px,14px;h:400px,400px,400px,250px;\"\n\t\t\t\t\t\t\t\tdata-basealign=\"slide\"\n\t\t\t\t\t\t\t\tdata-frame_999=\"o:0;st:w;\"\n\t\t\t\t\t\t\t\tstyle=\"z-index:11;\"\n\t\t\t\t\t\t\t><img loading=\"lazy\" src=\"\/\/www.telemedicineclinic.com\/sw\/wp-content\/plugins\/revslider\/public\/assets\/assets\/dummy.png\" alt=\"\" class=\"tp-rs-img rs-lazyload\" width=\"25\" height=\"438\" data-lazyload=\"\/\/www.telemedicineclinic.com\/uk\/wp-content\/uploads\/sites\/8\/2022\/05\/ScaleExtraLong_White.png\" data-no-retina> \n\t\t\t\t\t\t\t<\/rs-layer><!--\n\n\t\t\t\t\t\t\t--><rs-layer\n\t\t\t\t\t\t\t\tid=\"slider-1-slide-1-layer-3\" \n\t\t\t\t\t\t\t\tdata-type=\"image\"\n\t\t\t\t\t\t\t\tdata-rsp_ch=\"on\"\n\t\t\t\t\t\t\t\tdata-xy=\"xo:30px,30px,30px,11px;yo:35px,35px,35px,12px;\"\n\t\t\t\t\t\t\t\tdata-text=\"w:normal;s:20,20,20,7;l:0,0,0,9;\"\n\t\t\t\t\t\t\t\tdata-dim=\"w:300px,300px,300px,175px;h:300px,300px,300px,175px;\"\n\t\t\t\t\t\t\t\tdata-frame_999=\"o:0;st:w;\"\n\t\t\t\t\t\t\t\tstyle=\"z-index:8;\"\n\t\t\t\t\t\t\t><img loading=\"lazy\" src=\"\/\/www.telemedicineclinic.com\/sw\/wp-content\/plugins\/revslider\/public\/assets\/assets\/dummy.png\" alt=\"\" class=\"tp-rs-img rs-lazyload\" width=\"324\" height=\"324\" data-lazyload=\"\/\/www.telemedicineclinic.com\/uk\/wp-content\/uploads\/sites\/8\/revslider\/optemis-1\/tmc-general.png\" data-no-retina> \n\t\t\t\t\t\t\t<\/rs-layer><!--\n-->\t\t\t\t\t\t<\/rs-slide>\n\t\t\t\t\t<\/rs-slides>\n\t\t\t\t<\/rs-module>\n\t\t\t\t<script>\n\t\t\t\t\tsetREVStartSize({c: 'rev_slider_1_1',rl:[1240,1240,1240,480],el:[650,650,650,500],gw:[1240,1240,1240,480],gh:[650,650,650,500],type:'standard',justify:'',layout:'fullwidth',mh:\"0\"});if (window.RS_MODULES!==undefined && window.RS_MODULES.modules!==undefined && window.RS_MODULES.modules[\"revslider11\"]!==undefined) {window.RS_MODULES.modules[\"revslider11\"].once = false;window.revapi1 = undefined;if (window.RS_MODULES.checkMinimal!==undefined) window.RS_MODULES.checkMinimal()}\n\t\t\t\t<\/script>\n\t\t\t<\/rs-module-wrap>\n\t\t\t<!-- END REVOLUTION SLIDER -->\n    <\/div>\n<\/div>\n<!-- \/module text -->\t        <\/div>\n\t    \t<\/div>\n\t\t    <\/div>\n\t    <!-- \/row_inner -->\n\t<\/div>\n\t<!-- \/module_row -->\n\t\t<!-- module_row -->\n\t<div  data-lazy=\"1\" class=\"module_row themify_builder_row repeat-none tb_ia2z398 tf_clearfix\" >\n\t    \t\t<div class=\"row_inner col_align_top gutter-none col-count-1 tf_box tf_w tf_rel\"  data-basecol=\"1\" data-col_tablet=\"column-full\">\n\t\t\t<div  data-lazy=\"1\" class=\"module_column tb-column col-full first tb_1yqb398 tf_box\">\n\t\t\t    \t        <div class=\"tb-column-inner tf_box tf_w\">\n\t\t    <!-- module text -->\n<div  class=\"module module-text tb_ic71398   \" data-lazy=\"1\">\n        <div  class=\"tb_text_wrap\">\n    <h2><span style=\"white-space: pre-wrap;\">V\u00e4lkommen till TMC<\/span><\/h2>    <\/div>\n<\/div>\n<!-- \/module text --><!-- module text -->\n<div  class=\"module module-text tb_17hf399   \" data-lazy=\"1\">\n        <div  class=\"tb_text_wrap\">\n    <p><span style=\"white-space: pre-wrap;\">Den svenska hemsidan uppdateras. Om du beh\u00f6ver komma i kontakt med TMC, v\u00e4nligen skicka ett email eller ring oss:<br><br>+46 10 199 24 27<br><a href=\"mailto:skandinavien@telemedicineclinic.com\">skandinavien@telemedicineclinic.com<\/a><\/span><\/p>    <\/div>\n<\/div>\n<!-- \/module text -->\t<div  data-lazy=\"1\" class=\"module_subrow themify_builder_sub_row tb_o5ik399 tf_w tf_clearfix\">\n\t    \t\t<div class=\"subrow_inner col_align_top col-count-1 tf_box tf_w\"  data-basecol=\"1\" data-col_tablet=\"column-full\">\n\t\t\t<div  data-lazy=\"1\" class=\"sub_column module_column tf_box col-full first tb_ak8c399\"> \n\t    \t    \t        <div class=\"tb-column-inner tf_box tf_w\">\n\t\t    <!-- module image -->\n<div  class=\"module module-image tb_5b9i399   image-center tf_mw\" data-lazy=\"1\">\n        <div class=\"image-wrap tf_rel tf_mw\">\n\t\t    <img src=\"https:\/\/www.telemedicineclinic.com\/sw\/wp-content\/uploads\/sites\/8\/2021\/12\/ScaleExtraLong_blue.svg\" width=\"450\" title=\"Coming soon\" alt=\"Coming soon\">\t\n\t\t<\/div>\n\t<!-- \/image-wrap -->\n    \n    \t<\/div>\n<!-- \/module image -->\t        <\/div>\n\t    \t<\/div>\n\t\t    <\/div>\n\t<\/div><!-- \/themify_builder_sub_row -->\n\t\t        <\/div>\n\t    \t<\/div>\n\t\t    <\/div>\n\t    <!-- \/row_inner -->\n\t<\/div>\n\t<!-- \/module_row -->\n\t<\/div>\n<!--\/themify_builder_content-->","protected":false},"excerpt":{"rendered":"<p>V\u00e4lkommen till TMC Den svenska hemsidan uppdateras. Om du beh\u00f6ver komma i kontakt med TMC, v\u00e4nligen skicka ett email eller ring oss: +46 10 199 24 27skandinavien@telemedicineclinic.com<\/p>\n","protected":false},"author":321,"featured_media":0,"parent":0,"menu_order":0,"comment_status":"closed","ping_status":"closed","template":"","meta":{"_exactmetrics_skip_tracking":false,"_exactmetrics_sitenote_active":false,"_exactmetrics_sitenote_note":"","_exactmetrics_sitenote_category":0},"acf":[],"yoast_head":"<!-- This site is optimized with the Yoast SEO plugin v19.7.2 - https:\/\/yoast.com\/wordpress\/plugins\/seo\/ -->\n<title>Coming soon - Telemedicine Clinic SW<\/title>\n<meta name=\"robots\" content=\"index, follow, max-snippet:-1, max-image-preview:large, max-video-preview:-1\" \/>\n<link rel=\"canonical\" href=\"https:\/\/www.telemedicineclinic.com\/sw\/\" \/>\n<meta property=\"og:locale\" content=\"en_US\" \/>\n<meta property=\"og:type\" content=\"article\" \/>\n<meta property=\"og:title\" content=\"Coming soon - Telemedicine Clinic SW\" \/>\n<meta property=\"og:description\" content=\"V\u00e4lkommen till TMC Den svenska hemsidan uppdateras. Om du beh\u00f6ver komma i kontakt med TMC, v\u00e4nligen skicka ett email eller ring oss: +46 10 199 24 27skandinavien@telemedicineclinic.com\" \/>\n<meta property=\"og:url\" content=\"https:\/\/www.telemedicineclinic.com\/sw\/\" \/>\n<meta property=\"og:site_name\" content=\"Telemedicine Clinic SW\" \/>\n<meta property=\"article:modified_time\" content=\"2022-10-25T08:31:30+00:00\" \/>\n<meta property=\"og:image\" content=\"https:\/\/www.telemedicineclinic.com\/sw\/wp-content\/uploads\/sites\/8\/2021\/12\/ScaleExtraLong_blue.svg\" \/>\n<meta name=\"twitter:card\" content=\"summary\" \/>\n<script type=\"application\/ld+json\" class=\"yoast-schema-graph\">{\"@context\":\"https:\/\/schema.org\",\"@graph\":[{\"@type\":\"WebPage\",\"@id\":\"https:\/\/www.telemedicineclinic.com\/sw\/\",\"url\":\"https:\/\/www.telemedicineclinic.com\/sw\/\",\"name\":\"Coming soon - Telemedicine Clinic SW\",\"isPartOf\":{\"@id\":\"https:\/\/www.telemedicineclinic.com\/sw\/#website\"},\"datePublished\":\"2022-05-13T21:17:42+00:00\",\"dateModified\":\"2022-10-25T08:31:30+00:00\",\"breadcrumb\":{\"@id\":\"https:\/\/www.telemedicineclinic.com\/sw\/#breadcrumb\"},\"inLanguage\":\"en-US\",\"potentialAction\":[{\"@type\":\"ReadAction\",\"target\":[\"https:\/\/www.telemedicineclinic.com\/sw\/\"]}]},{\"@type\":\"BreadcrumbList\",\"@id\":\"https:\/\/www.telemedicineclinic.com\/sw\/#breadcrumb\",\"itemListElement\":[{\"@type\":\"ListItem\",\"position\":1,\"name\":\"Home\",\"item\":\"https:\/\/www.telemedicineclinic.com\/sw\/\"},{\"@type\":\"ListItem\",\"position\":2,\"name\":\"Coming soon\"}]},{\"@type\":\"WebSite\",\"@id\":\"https:\/\/www.telemedicineclinic.com\/sw\/#website\",\"url\":\"https:\/\/www.telemedicineclinic.com\/sw\/\",\"name\":\"Telemedicine Clinic SW\",\"description\":\"Teleradiology Reporting and Radiology Systems Provider\",\"potentialAction\":[{\"@type\":\"SearchAction\",\"target\":{\"@type\":\"EntryPoint\",\"urlTemplate\":\"https:\/\/www.telemedicineclinic.com\/sw\/?s={search_term_string}\"},\"query-input\":\"required name=search_term_string\"}],\"inLanguage\":\"en-US\"}]}<\/script>\n<!-- \/ Yoast SEO plugin. -->","yoast_head_json":{"title":"Coming soon - Telemedicine Clinic SW","robots":{"index":"index","follow":"follow","max-snippet":"max-snippet:-1","max-image-preview":"max-image-preview:large","max-video-preview":"max-video-preview:-1"},"canonical":"https:\/\/www.telemedicineclinic.com\/sw\/","og_locale":"en_US","og_type":"article","og_title":"Coming soon - Telemedicine Clinic SW","og_description":"V\u00e4lkommen till TMC Den svenska hemsidan uppdateras. Om du beh\u00f6ver komma i kontakt med TMC, v\u00e4nligen skicka ett email eller ring oss: +46 10 199 24 27skandinavien@telemedicineclinic.com","og_url":"https:\/\/www.telemedicineclinic.com\/sw\/","og_site_name":"Telemedicine Clinic SW","article_modified_time":"2022-10-25T08:31:30+00:00","og_image":[{"url":"https:\/\/www.telemedicineclinic.com\/sw\/wp-content\/uploads\/sites\/8\/2021\/12\/ScaleExtraLong_blue.svg"}],"twitter_card":"summary","schema":{"@context":"https:\/\/schema.org","@graph":[{"@type":"WebPage","@id":"https:\/\/www.telemedicineclinic.com\/sw\/","url":"https:\/\/www.telemedicineclinic.com\/sw\/","name":"Coming soon - Telemedicine Clinic SW","isPartOf":{"@id":"https:\/\/www.telemedicineclinic.com\/sw\/#website"},"datePublished":"2022-05-13T21:17:42+00:00","dateModified":"2022-10-25T08:31:30+00:00","breadcrumb":{"@id":"https:\/\/www.telemedicineclinic.com\/sw\/#breadcrumb"},"inLanguage":"en-US","potentialAction":[{"@type":"ReadAction","target":["https:\/\/www.telemedicineclinic.com\/sw\/"]}]},{"@type":"BreadcrumbList","@id":"https:\/\/www.telemedicineclinic.com\/sw\/#breadcrumb","itemListElement":[{"@type":"ListItem","position":1,"name":"Home","item":"https:\/\/www.telemedicineclinic.com\/sw\/"},{"@type":"ListItem","position":2,"name":"Coming soon"}]},{"@type":"WebSite","@id":"https:\/\/www.telemedicineclinic.com\/sw\/#website","url":"https:\/\/www.telemedicineclinic.com\/sw\/","name":"Telemedicine Clinic SW","description":"Teleradiology Reporting and Radiology Systems Provider","potentialAction":[{"@type":"SearchAction","target":{"@type":"EntryPoint","urlTemplate":"https:\/\/www.telemedicineclinic.com\/sw\/?s={search_term_string}"},"query-input":"required name=search_term_string"}],"inLanguage":"en-US"}]}},"builder_content":"<p>[rev_slider alias=\"homepage-1\"][\/rev_slider]<\/p>\n<h2>V\u00e4lkommen till TMC<\/h2>\n<p>Den svenska hemsidan uppdateras. Om du beh\u00f6ver komma i kontakt med TMC, v\u00e4nligen skicka ett email eller ring oss:<br><br>+46 10 199 24 27<br><a href=\"mailto:skandinavien@telemedicineclinic.com\">skandinavien@telemedicineclinic.com<\/a><\/p>\n<img src=\"https:\/\/www.telemedicineclinic.com\/sw\/wp-content\/uploads\/sites\/8\/2021\/12\/ScaleExtraLong_blue.svg\" width=\"450\" title=\"Coming soon\" alt=\"Coming soon\">","_links":{"self":[{"href":"https:\/\/www.telemedicineclinic.com\/sw\/wp-json\/wp\/v2\/pages\/2639"}],"collection":[{"href":"https:\/\/www.telemedicineclinic.com\/sw\/wp-json\/wp\/v2\/pages"}],"about":[{"href":"https:\/\/www.telemedicineclinic.com\/sw\/wp-json\/wp\/v2\/types\/page"}],"author":[{"embeddable":true,"href":"https:\/\/www.telemedicineclinic.com\/sw\/wp-json\/wp\/v2\/users\/321"}],"replies":[{"embeddable":true,"href":"https:\/\/www.telemedicineclinic.com\/sw\/wp-json\/wp\/v2\/comments?post=2639"}],"version-history":[{"count":23,"href":"https:\/\/www.telemedicineclinic.com\/sw\/wp-json\/wp\/v2\/pages\/2639\/revisions"}],"predecessor-version":[{"id":7613,"href":"https:\/\/www.telemedicineclinic.com\/sw\/wp-json\/wp\/v2\/pages\/2639\/revisions\/7613"}],"wp:attachment":[{"href":"https:\/\/www.telemedicineclinic.com\/sw\/wp-json\/wp\/v2\/media?parent=2639"}],"curies":[{"name":"wp","href":"https:\/\/api.w.org\/{rel}","templated":true}]}}