{"id":26,"date":"2021-11-15T12:16:19","date_gmt":"2021-11-15T11:16:19","guid":{"rendered":"https:\/\/controlzvisual.com\/tmc-2\/?page_id=26"},"modified":"2022-10-25T08:35:03","modified_gmt":"2022-10-25T08:35:03","slug":"contact","status":"publish","type":"page","link":"https:\/\/www.telemedicineclinic.com\/dk\/contact\/","title":{"rendered":"Contact"},"content":{"rendered":"<!--themify_builder_content-->\n<div id=\"themify_builder_content-26\" data-postid=\"26\" class=\"themify_builder_content themify_builder_content-26 themify_builder tf_clear\">\n    \t<!-- module_row -->\n\t<div  data-lazy=\"1\" class=\"module_row themify_builder_row tb_m1bd446 tb_first tf_clearfix\" >\n\t    \t\t<div class=\"row_inner col_align_top col-count-2 tf_box tf_w tf_rel\">\n\t\t\t<div  data-lazy=\"1\" class=\"module_column tb-column col4-2 first tb_4ntm446 tf_box\">\n\t\t\t    \t        <div class=\"tb-column-inner tf_box tf_w\">\n\t\t    <!-- module text -->\n<div  class=\"module module-text tb_x8zo724   \" data-lazy=\"1\">\n        <div  class=\"tb_text_wrap\">\n    <h6>Telemedicine Clinic Ltd<\/h6>\n<p><strong>Tel:<\/strong> +45 78 73 06 57<\/p>\n<p><b><em>Kontor i Danmark<\/em><\/b><br>TMC c\/o Unilabs Danmark<br>Nyg\u00e5rdsvej 32, 2100 K\u00f8benhavn \u00d8<br><a href=\"mailto:info@telemedicineclinic.com\">info@telemedicineclinic.com<\/a><\/p>\n<p><b><em>Hovedkontor<\/em><\/b><br>TMC<br>Carrer de la Marina, 16-18, floor 33<br>08005 Barcelona, Spanien<\/p>\n<p><a href=\"mailto:info@telemedicineclinic.com\">info@telemedicineclinic.com<\/a><\/p>\n<p>Hvis du \u00f8nsker at kontakte os ifm. en UTH bedes du skrive til<br><a href=\"mailto:incidents@telemedicineclinic.com\">incidents@telemedicineclinic.com<\/a><\/p>    <\/div>\n<\/div>\n<!-- \/module text -->\t        <\/div>\n\t    \t<\/div>\n\t\t<div  data-lazy=\"1\" class=\"module_column tb-column col4-2 last tb_27i881 tf_box\">\n\t\t\t    \t        <div class=\"tb-column-inner tf_box tf_w\">\n\t\t    <!-- module text -->\n<div  class=\"module module-text tb_6tgg696   \" data-lazy=\"1\">\n        <div  class=\"tb_text_wrap\">\n    <p>In compliance with the EU regulation (UE) 2016\/679, we inform you that your contact details will be incorporated into files owned by EUROPEAN TELEMEDICINE CLINIC, S.L. (TMC) and the TMC company you are getting in contact with. Should you wish to exercise your right of access, rectification, removal, opposition, portability, and cancellation granted to you by applicable law, please contact: EUROPEAN TELEMEDICINE CLINIC, S.L. via email address: <a href=\"mailto:dataprotection@telemedicineclinic.com\">dataprotection@telemedicineclinic.com<\/a>. For more information on the processing of your personal data and on the rights available to you, please visit our <strong><a href=\"https:\/\/www.telemedicineclinic.com\/dk\/data-protection\">data protection page.<\/a><\/strong><\/p>\n    <\/div>\n<\/div>\n<!-- \/module text -->\t        <\/div>\n\t    \t<\/div>\n\t\t    <\/div>\n\t    <!-- \/row_inner -->\n\t<\/div>\n\t<!-- \/module_row -->\n\t\t<!-- module_row -->\n\t<div  data-lazy=\"1\" class=\"module_row themify_builder_row tb_27n6687 tf_clearfix\">\n\t    \t\t<div class=\"row_inner col_align_top col-count-1 tf_box tf_w tf_rel\">\n\t\t\t<div  data-lazy=\"1\" class=\"module_column tb-column col-full first tb_khcs689 tf_box\">\n\t\t\t    \t        <div class=\"tb-column-inner tf_box tf_w\">\n\t\t    <!-- module image -->\n<div  class=\"module module-image tb_vypc689   image-center tf_mw\" data-lazy=\"1\">\n        <div class=\"image-wrap tf_rel tf_mw\">\n\t\t    <img src=\"https:\/\/www.telemedicineclinic.com\/dk\/wp-content\/uploads\/sites\/8\/2021\/12\/ScaleExtraLong_blue.svg\" width=\"450\" title=\"Contact\" alt=\"Contact\">\t\n\t\t<\/div>\n\t<!-- \/image-wrap -->\n    \n    \t<\/div>\n<!-- \/module image -->\t        <\/div>\n\t    \t<\/div>\n\t\t    <\/div>\n\t    <!-- \/row_inner -->\n\t<\/div>\n\t<!-- \/module_row -->\n\t<\/div>\n<!--\/themify_builder_content-->","protected":false},"excerpt":{"rendered":"<p>Telemedicine Clinic Ltd Tel: +45 78 73 06 57 Kontor i DanmarkTMC c\/o Unilabs DanmarkNyg\u00e5rdsvej 32, 2100 K\u00f8benhavn \u00d8info@telemedicineclinic.com HovedkontorTMCCarrer de la Marina, 16-18, floor 3308005 Barcelona, Spanien info@telemedicineclinic.com Hvis du \u00f8nsker at kontakte os ifm. en UTH bedes du skrive tilincidents@telemedicineclinic.com Name * Email * Subject * Message * I agree to the TMC [&hellip;]<\/p>\n","protected":false},"author":321,"featured_media":0,"parent":0,"menu_order":8,"comment_status":"closed","ping_status":"closed","template":"","meta":{"_exactmetrics_skip_tracking":false,"_exactmetrics_sitenote_active":false,"_exactmetrics_sitenote_note":"","_exactmetrics_sitenote_category":0},"acf":[],"yoast_head":"<!-- This site is optimized with the Yoast SEO plugin v19.7.2 - https:\/\/yoast.com\/wordpress\/plugins\/seo\/ -->\n<title>Contact - Telemedicine Clinic DK<\/title>\n<meta name=\"robots\" content=\"index, follow, max-snippet:-1, max-image-preview:large, max-video-preview:-1\" \/>\n<link rel=\"canonical\" href=\"https:\/\/www.telemedicineclinic.com\/dk\/contact\/\" \/>\n<meta property=\"og:locale\" content=\"en_US\" \/>\n<meta property=\"og:type\" content=\"article\" \/>\n<meta property=\"og:title\" content=\"Contact - Telemedicine Clinic DK\" \/>\n<meta property=\"og:description\" content=\"Telemedicine Clinic Ltd Tel: +45 78 73 06 57 Kontor i DanmarkTMC c\/o Unilabs DanmarkNyg\u00e5rdsvej 32, 2100 K\u00f8benhavn \u00d8info@telemedicineclinic.com HovedkontorTMCCarrer de la Marina, 16-18, floor 3308005 Barcelona, Spanien info@telemedicineclinic.com Hvis du \u00f8nsker at kontakte os ifm. en UTH bedes du skrive tilincidents@telemedicineclinic.com Name * Email * Subject * Message * I agree to the TMC [&hellip;]\" \/>\n<meta property=\"og:url\" content=\"https:\/\/www.telemedicineclinic.com\/dk\/contact\/\" \/>\n<meta property=\"og:site_name\" content=\"Telemedicine Clinic DK\" \/>\n<meta property=\"article:modified_time\" content=\"2022-10-25T08:35:03+00:00\" \/>\n<meta property=\"og:image\" content=\"https:\/\/www.telemedicineclinic.com\/dk\/wp-content\/uploads\/sites\/24\/2021\/12\/ScaleExtraLong_blue.svg\" \/>\n<meta name=\"twitter:card\" content=\"summary\" \/>\n<script type=\"application\/ld+json\" class=\"yoast-schema-graph\">{\"@context\":\"https:\/\/schema.org\",\"@graph\":[{\"@type\":\"WebPage\",\"@id\":\"https:\/\/www.telemedicineclinic.com\/dk\/contact\/\",\"url\":\"https:\/\/www.telemedicineclinic.com\/dk\/contact\/\",\"name\":\"Contact - Telemedicine Clinic DK\",\"isPartOf\":{\"@id\":\"https:\/\/www.telemedicineclinic.com\/dk\/#website\"},\"datePublished\":\"2021-11-15T11:16:19+00:00\",\"dateModified\":\"2022-10-25T08:35:03+00:00\",\"breadcrumb\":{\"@id\":\"https:\/\/www.telemedicineclinic.com\/dk\/contact\/#breadcrumb\"},\"inLanguage\":\"en-US\",\"potentialAction\":[{\"@type\":\"ReadAction\",\"target\":[\"https:\/\/www.telemedicineclinic.com\/dk\/contact\/\"]}]},{\"@type\":\"BreadcrumbList\",\"@id\":\"https:\/\/www.telemedicineclinic.com\/dk\/contact\/#breadcrumb\",\"itemListElement\":[{\"@type\":\"ListItem\",\"position\":1,\"name\":\"Home\",\"item\":\"https:\/\/www.telemedicineclinic.com\/dk\/\"},{\"@type\":\"ListItem\",\"position\":2,\"name\":\"Contact\"}]},{\"@type\":\"WebSite\",\"@id\":\"https:\/\/www.telemedicineclinic.com\/dk\/#website\",\"url\":\"https:\/\/www.telemedicineclinic.com\/dk\/\",\"name\":\"Telemedicine Clinic DK\",\"description\":\"Teleradiology Reporting and Radiology Systems Provider\",\"potentialAction\":[{\"@type\":\"SearchAction\",\"target\":{\"@type\":\"EntryPoint\",\"urlTemplate\":\"https:\/\/www.telemedicineclinic.com\/dk\/?s={search_term_string}\"},\"query-input\":\"required name=search_term_string\"}],\"inLanguage\":\"en-US\"}]}<\/script>\n<!-- \/ Yoast SEO plugin. -->","yoast_head_json":{"title":"Contact - Telemedicine Clinic DK","robots":{"index":"index","follow":"follow","max-snippet":"max-snippet:-1","max-image-preview":"max-image-preview:large","max-video-preview":"max-video-preview:-1"},"canonical":"https:\/\/www.telemedicineclinic.com\/dk\/contact\/","og_locale":"en_US","og_type":"article","og_title":"Contact - Telemedicine Clinic DK","og_description":"Telemedicine Clinic Ltd Tel: +45 78 73 06 57 Kontor i DanmarkTMC c\/o Unilabs DanmarkNyg\u00e5rdsvej 32, 2100 K\u00f8benhavn \u00d8info@telemedicineclinic.com HovedkontorTMCCarrer de la Marina, 16-18, floor 3308005 Barcelona, Spanien info@telemedicineclinic.com Hvis du \u00f8nsker at kontakte os ifm. en UTH bedes du skrive tilincidents@telemedicineclinic.com Name * Email * Subject * Message * I agree to the TMC [&hellip;]","og_url":"https:\/\/www.telemedicineclinic.com\/dk\/contact\/","og_site_name":"Telemedicine Clinic DK","article_modified_time":"2022-10-25T08:35:03+00:00","og_image":[{"url":"https:\/\/www.telemedicineclinic.com\/dk\/wp-content\/uploads\/sites\/24\/2021\/12\/ScaleExtraLong_blue.svg"}],"twitter_card":"summary","schema":{"@context":"https:\/\/schema.org","@graph":[{"@type":"WebPage","@id":"https:\/\/www.telemedicineclinic.com\/dk\/contact\/","url":"https:\/\/www.telemedicineclinic.com\/dk\/contact\/","name":"Contact - Telemedicine Clinic DK","isPartOf":{"@id":"https:\/\/www.telemedicineclinic.com\/dk\/#website"},"datePublished":"2021-11-15T11:16:19+00:00","dateModified":"2022-10-25T08:35:03+00:00","breadcrumb":{"@id":"https:\/\/www.telemedicineclinic.com\/dk\/contact\/#breadcrumb"},"inLanguage":"en-US","potentialAction":[{"@type":"ReadAction","target":["https:\/\/www.telemedicineclinic.com\/dk\/contact\/"]}]},{"@type":"BreadcrumbList","@id":"https:\/\/www.telemedicineclinic.com\/dk\/contact\/#breadcrumb","itemListElement":[{"@type":"ListItem","position":1,"name":"Home","item":"https:\/\/www.telemedicineclinic.com\/dk\/"},{"@type":"ListItem","position":2,"name":"Contact"}]},{"@type":"WebSite","@id":"https:\/\/www.telemedicineclinic.com\/dk\/#website","url":"https:\/\/www.telemedicineclinic.com\/dk\/","name":"Telemedicine Clinic DK","description":"Teleradiology Reporting and Radiology Systems Provider","potentialAction":[{"@type":"SearchAction","target":{"@type":"EntryPoint","urlTemplate":"https:\/\/www.telemedicineclinic.com\/dk\/?s={search_term_string}"},"query-input":"required name=search_term_string"}],"inLanguage":"en-US"}]}},"builder_content":"<h6>Telemedicine Clinic Ltd<\/h6> <p><strong>Tel:<\/strong> +45 78 73 06 57<\/p> <p><b><em>Kontor i Danmark<\/em><\/b><br>TMC c\/o Unilabs Danmark<br>Nyg\u00e5rdsvej 32, 2100 K\u00f8benhavn \u00d8<br><a href=\"mailto:info@telemedicineclinic.com\">info@telemedicineclinic.com<\/a><\/p> <p><b><em>Hovedkontor<\/em><\/b><br>TMC<br>Carrer de la Marina, 16-18, floor 33<br>08005 Barcelona, Spanien<\/p> <p><a href=\"mailto:info@telemedicineclinic.com\">info@telemedicineclinic.com<\/a><\/p> <p>Hvis du \u00f8nsker at kontakte os ifm. en UTH bedes du skrive til<br><a href=\"mailto:incidents@telemedicineclinic.com\">incidents@telemedicineclinic.com<\/a><\/p>\n<p>In compliance with the EU regulation (UE) 2016\/679, we inform you that your contact details will be incorporated into files owned by EUROPEAN TELEMEDICINE CLINIC, S.L. (TMC) and the TMC company you are getting in contact with. Should you wish to exercise your right of access, rectification, removal, opposition, portability, and cancellation granted to you by applicable law, please contact: EUROPEAN TELEMEDICINE CLINIC, S.L. via email address: <a href=\"mailto:dataprotection@telemedicineclinic.com\">dataprotection@telemedicineclinic.com<\/a>. For more information on the processing of your personal data and on the rights available to you, please visit our <strong><a href=\"https:\/\/www.telemedicineclinic.com\/dk\/data-protection\">data protection page.<\/a><\/strong><\/p>\n<img src=\"https:\/\/www.telemedicineclinic.com\/dk\/wp-content\/uploads\/sites\/8\/2021\/12\/ScaleExtraLong_blue.svg\" width=\"450\" title=\"Contact\" alt=\"Contact\">","_links":{"self":[{"href":"https:\/\/www.telemedicineclinic.com\/dk\/wp-json\/wp\/v2\/pages\/26"}],"collection":[{"href":"https:\/\/www.telemedicineclinic.com\/dk\/wp-json\/wp\/v2\/pages"}],"about":[{"href":"https:\/\/www.telemedicineclinic.com\/dk\/wp-json\/wp\/v2\/types\/page"}],"author":[{"embeddable":true,"href":"https:\/\/www.telemedicineclinic.com\/dk\/wp-json\/wp\/v2\/users\/321"}],"replies":[{"embeddable":true,"href":"https:\/\/www.telemedicineclinic.com\/dk\/wp-json\/wp\/v2\/comments?post=26"}],"version-history":[{"count":22,"href":"https:\/\/www.telemedicineclinic.com\/dk\/wp-json\/wp\/v2\/pages\/26\/revisions"}],"predecessor-version":[{"id":7672,"href":"https:\/\/www.telemedicineclinic.com\/dk\/wp-json\/wp\/v2\/pages\/26\/revisions\/7672"}],"wp:attachment":[{"href":"https:\/\/www.telemedicineclinic.com\/dk\/wp-json\/wp\/v2\/media?parent=26"}],"curies":[{"name":"wp","href":"https:\/\/api.w.org\/{rel}","templated":true}]}}